{"id":83,"date":"2018-05-21T13:09:22","date_gmt":"2018-05-21T11:09:22","guid":{"rendered":"http:\/\/vangabygden.se\/?page_id=83"},"modified":"2025-04-22T14:25:46","modified_gmt":"2025-04-22T12:25:46","slug":"byalaget","status":"publish","type":"page","link":"https:\/\/vangabygden.se\/?page_id=83","title":{"rendered":"Byalaget"},"content":{"rendered":"<p>[et_pb_section fb_built=&#8221;1&#8243; admin_label=&#8221;section&#8221; _builder_version=&#8221;4.16&#8243; global_colors_info=&#8221;{}&#8221;][et_pb_row admin_label=&#8221;row&#8221; _builder_version=&#8221;4.17.3&#8243; background_size=&#8221;initial&#8221; background_position=&#8221;top_left&#8221; background_repeat=&#8221;repeat&#8221; hover_enabled=&#8221;0&#8243; global_colors_info=&#8221;{}&#8221; sticky_enabled=&#8221;0&#8243; custom_margin=&#8221;|auto|-43px|auto||&#8221;][et_pb_column type=&#8221;4_4&#8243; _builder_version=&#8221;4.16&#8243; custom_padding=&#8221;|||&#8221; global_colors_info=&#8221;{}&#8221; custom_padding__hover=&#8221;|||&#8221;][et_pb_text _builder_version=&#8221;4.17.3&#8243; background_size=&#8221;initial&#8221; background_position=&#8221;top_left&#8221; background_repeat=&#8221;repeat&#8221; hover_enabled=&#8221;0&#8243; global_colors_info=&#8221;{}&#8221; sticky_enabled=&#8221;0&#8243; custom_padding=&#8221;||8px|||&#8221;]<\/p>\n<div>\n<p><strong>VBU ska fr\u00e4mja V\u00e5ngabygdens utveckling f\u00f6r alla som bor och\/eller vill verka i V\u00e5nga.<\/strong><\/p>\n<p><span style=\"font-size: 14px;\">F\u00f6reningen samarbetar tillsammans med ideella f\u00f6reningar och organisationer, egna f\u00f6retagare, enskilda personer samt kommunen f\u00f6r att f\u00f6rb\u00e4ttra livskvalitet, bredda f\u00f6retagandet och fr\u00e4mja utvecklingen av landsbygdsekonomin i V\u00e5ngabygden. Den skall \u00e4ven arbeta f\u00f6r \u00f6kade m\u00f6jligheter till boende i V\u00e5nga.<\/span><\/p>\n<p><strong>St\u00f6d g\u00e4rna VBUs arbete genom att bli medlem i f\u00f6reningen.<br \/><\/strong>Betala 100 kr till V\u00e5ngabygdens utvecklingsgrupp, <strong>Bankgiro: 301-4107<\/strong>. Gl\u00f6m inte att uppge namn och adress.<\/p>\n<\/div>\n<p>Ett stort projekt VBU arbetar med just nu \u00e4r att unders\u00f6ka m\u00f6jligheterna f\u00f6r ett trygghetsboende i V\u00e5nga.<\/p>\n<p>&nbsp;<\/p>\n<h3>Dokument f\u00f6r 2025<\/h3>\n<blockquote>\n<p>Protokoll konstituerande m\u00f6te 2025 kan du ladda ner <a class=\"textlink link1\" href=\"https:\/\/vangabygden.se\/wp-content\/uploads\/2025\/04\/VBU-konstituering-2025.pdf\" target=\"_blank\" rel=\"noopener\">h\u00e4r.<\/a><\/p>\n<p>\u00c5rsm\u00f6te mars 2025 kan du ladda ner <a class=\"textlink link1\" href=\"https:\/\/vangabygden.se\/wp-content\/uploads\/2025\/04\/VBU-Arsmote-for-2024-250323.pdf\" target=\"_blank\" rel=\"noopener\">h\u00e4r.<\/a><\/p>\n<\/blockquote>\n<h3>Dokument f\u00f6r 2024<\/h3>\n<blockquote>\n<p>\u00c5rsber\u00e4ttelsen f\u00f6r 2024 kan du ladda ner <a class=\"textlink link1\" href=\"https:\/\/vangabygden.se\/wp-content\/uploads\/2025\/04\/Arsredovisning-VBU-2024-2.pdf\" target=\"_blank\" rel=\"noopener\">h\u00e4r.<\/a><\/p>\n<\/blockquote>\n<p>[\/et_pb_text][\/et_pb_column][\/et_pb_row][et_pb_row _builder_version=&#8221;4.17.3&#8243; _module_preset=&#8221;default&#8221; column_structure=&#8221;2_5,3_5&#8243; hover_enabled=&#8221;0&#8243; sticky_enabled=&#8221;0&#8243;][et_pb_column _builder_version=&#8221;4.17.3&#8243; _module_preset=&#8221;default&#8221; type=&#8221;2_5&#8243;][et_pb_text _builder_version=&#8221;4.17.3&#8243; _module_preset=&#8221;default&#8221; hover_enabled=&#8221;0&#8243; sticky_enabled=&#8221;0&#8243;]<\/p>\n<p><strong>Ordf\u00f6rande<\/strong>:<br \/>Gunilla Lundgren<\/p>\n<p><strong>Ledam\u00f6ter<\/strong>:<br \/><span>Natasha Pettersson<br \/>Christer Sandberg<br \/>Dag Torkelstam<br \/>Gunnar Asserhed<br \/>Yvonne Johansson<\/span><\/p>\n<p>[\/et_pb_text][\/et_pb_column][et_pb_column _builder_version=&#8221;4.17.3&#8243; _module_preset=&#8221;default&#8221; type=&#8221;3_5&#8243;][et_pb_text _builder_version=&#8221;4.17.3&#8243; _module_preset=&#8221;default&#8221; hover_enabled=&#8221;0&#8243; sticky_enabled=&#8221;0&#8243;]<\/p>\n<p><strong>Suppleanter<\/strong>:<br \/>Erik Thol\u00e9n<br \/>Lina Bergerg\u00e5rd<span><br \/>P-O Enetoft<\/span><\/p>\n<p><strong>Revisorer<\/strong>:<br \/>Arne Hultqvist<br \/>Beryl Davidsson<\/p>\n<p><strong>Valberedning<\/strong>:<br \/>Ann-Sofie Pettersson<br \/>Maud Borg<\/p>\n<p>[\/et_pb_text][\/et_pb_column][\/et_pb_row][\/et_pb_section]<\/p>\n","protected":false},"excerpt":{"rendered":"<p>VBU ska fr\u00e4mja V\u00e5ngabygdens utveckling f\u00f6r alla som bor och\/eller vill verka i V\u00e5nga. F\u00f6reningen samarbetar tillsammans med ideella f\u00f6reningar och organisationer, egna f\u00f6retagare, enskilda personer samt kommunen f\u00f6r att f\u00f6rb\u00e4ttra livskvalitet, bredda f\u00f6retagandet och fr\u00e4mja utvecklingen av landsbygdsekonomin i V\u00e5ngabygden. Den skall \u00e4ven arbeta f\u00f6r \u00f6kade m\u00f6jligheter till boende i V\u00e5nga. St\u00f6d g\u00e4rna VBUs [&hellip;]<\/p>\n","protected":false},"author":2,"featured_media":0,"parent":0,"menu_order":0,"comment_status":"closed","ping_status":"closed","template":"","meta":{"_et_pb_use_builder":"on","_et_pb_old_content":"<div>\r\n<h3>VBU ska fr\u00e4mja V\u00e5ngabygdens utveckling f\u00f6r alla som bor och\/eller vill verka i V\u00e5nga.<\/h3>\r\nStadgar kan du l\u00e4sa <a class=\"textlink link1\" href=\"http:\/\/vangabygden.se\/filer\/styrelsen\/VBU_STADGAR.pdf\">h\u00e4r.<\/a>\r\n\u00c5rsber\u00e4ttelsen f\u00f6r 2015 kan du ladda ner <a class=\"textlink link1\" href=\"http:\/\/vangabygden.se\/byalaget\/arkiv\/Arsredovisning-VBU-2015.pdf\" target=\"_blank\" rel=\"noopener\">h\u00e4r.<\/a>\r\n\r\nF\u00f6reningen g\u00f6r det genom att tillsammans med ideella f\u00f6reningar och organisationer, egna f\u00f6retagare, enskilda personer samt kommunen verka f\u00f6r att f\u00f6rb\u00e4ttra livskvalitet, bredda f\u00f6retagandet och fr\u00e4mja utvecklingen av landsbygdsekonomin i V\u00e5ngabygden.\r\nDen skall \u00e4ven arbeta f\u00f6r \u00f6kade m\u00f6jligheter till boende i V\u00e5nga.\r\n\r\n<strong>St\u00f6d g\u00e4rna VBUs arbete genom att bli medlem i f\u00f6reningen.\r\n<\/strong>Betala 100 kr till V\u00e5ngabygdens utvecklingsgrupp, Bankgiro: 301-4107.\r\nGl\u00f6m inte att uppge namn och adress. I menyn till h\u00f6ger kan du l\u00e4sa mer om de projekt som vi arbetar med just nu.\r\n\r\n<\/div>\r\nVBU arbetar just nu med Norrk\u00f6pings kommuns nya <strong>\u00f6versiktsplan<\/strong> tillsammans med kommunen.\r\n\u00d6versiktsplanering \u00e4r kommunens strategiska planering av den fysiska milj\u00f6n p\u00e5 l\u00e5ng sikt (bebyggelse, infrastruktur, mm.).\r\nNya planen skall vara klar i b\u00f6rjan av 2017. Just nu p\u00e5g\u00e5r samr\u00e5d tom. 4 april. Var med och p\u00e5verka V\u00e5ngas framtid!\r\nMer information finns under l\u00e4nken till h\u00f6ger.\r\n\r\nVi har ocks\u00e5 engagerat oss i arbetet med strategi f\u00f6r <strong>nya landsbygdsprogrammet<\/strong>. Mer information finns i menyn till h\u00f6ger.\r\nNu finns det m\u00f6jlighet f\u00f6r alla som \u00e4r intresserade av att kunna s\u00f6ka bidrag till projekt f\u00f6r utveckling av landsbygden.\r\n\r\nVi har ocks\u00e5 bildat en arbetsgrupp som ska skapa en <strong>Lokal Utvecklingsplan f\u00f6r V\u00e5nga<\/strong>. F\u00f6rsta steget i det arbetet var att g\u00f6ra en Lokal Ekonomisk Analys (LEA).\r\nOm du vill vara med och arbeta f\u00f6r V\u00e5ngas utveckling - kontakta styrelsen. Mer info i menyn till h\u00f6ger.\r\n\r\nAllas engagemang beh\u00f6vs! Vill du vara med och hj\u00e4lpa till med n\u00e5got?\r\n<strong>Om alla hj\u00e4lper till lite kommer vi att skapa n\u00e5got stort tillsammans.\r\n<\/strong>All hj\u00e4lp \u00e4r v\u00e4lkommen, b\u00e4ttre lite \u00e4n inget alls. H\u00f6r av er till de sammankallande i grupperna.","_et_gb_content_width":"","footnotes":""},"class_list":["post-83","page","type-page","status-publish","hentry"],"post_mailing_queue_ids":[],"_links":{"self":[{"href":"https:\/\/vangabygden.se\/index.php?rest_route=\/wp\/v2\/pages\/83","targetHints":{"allow":["GET"]}}],"collection":[{"href":"https:\/\/vangabygden.se\/index.php?rest_route=\/wp\/v2\/pages"}],"about":[{"href":"https:\/\/vangabygden.se\/index.php?rest_route=\/wp\/v2\/types\/page"}],"author":[{"embeddable":true,"href":"https:\/\/vangabygden.se\/index.php?rest_route=\/wp\/v2\/users\/2"}],"replies":[{"embeddable":true,"href":"https:\/\/vangabygden.se\/index.php?rest_route=%2Fwp%2Fv2%2Fcomments&post=83"}],"version-history":[{"count":41,"href":"https:\/\/vangabygden.se\/index.php?rest_route=\/wp\/v2\/pages\/83\/revisions"}],"predecessor-version":[{"id":3230,"href":"https:\/\/vangabygden.se\/index.php?rest_route=\/wp\/v2\/pages\/83\/revisions\/3230"}],"wp:attachment":[{"href":"https:\/\/vangabygden.se\/index.php?rest_route=%2Fwp%2Fv2%2Fmedia&parent=83"}],"curies":[{"name":"wp","href":"https:\/\/api.w.org\/{rel}","templated":true}]}}