{"id":80,"date":"2018-05-21T13:08:53","date_gmt":"2018-05-21T11:08:53","guid":{"rendered":"http:\/\/vangabygden.se\/?page_id=80"},"modified":"2026-04-13T20:05:33","modified_gmt":"2026-04-13T18:05:33","slug":"evenemang","status":"publish","type":"page","link":"https:\/\/vangabygden.se\/?page_id=80","title":{"rendered":"Evenemang"},"content":{"rendered":"<p>[et_pb_section fb_built=&#8221;1&#8243; _builder_version=&#8221;4.17.3&#8243; _module_preset=&#8221;default&#8221; global_colors_info=&#8221;{}&#8221;][et_pb_row column_structure=&#8221;1_2,1_2&#8243; _builder_version=&#8221;4.17.3&#8243; _module_preset=&#8221;default&#8221; global_colors_info=&#8221;{}&#8221;][et_pb_column type=&#8221;1_2&#8243; _builder_version=&#8221;4.17.3&#8243; _module_preset=&#8221;default&#8221; global_colors_info=&#8221;{}&#8221;][et_pb_text _builder_version=&#8221;4.17.3&#8243; _module_preset=&#8221;default&#8221; hover_enabled=&#8221;0&#8243; global_colors_info=&#8221;{}&#8221; sticky_enabled=&#8221;0&#8243;]<\/p>\n<h3 dir=\"auto\" data-olk-copy-source=\"MessageBody\">Valborg 2026<\/h3>\n<div dir=\"auto\" data-olk-copy-source=\"MessageBody\">Valborgsfirande p\u00e5 hembygdsg\u00e5rden torsdag 30 april. \u00d6ppet fr\u00e5n 19.00 \u2013 22.00<\/div>\n<div dir=\"auto\">B\u00f6rjar med v\u00e5rgudstj\u00e4nst i V\u00e5nga kyrka 20.00.<\/div>\n<div dir=\"auto\">Fackelt\u00e5g till hembygdsg\u00e5rden. Brasa, k\u00f6rs\u00e5ng, v\u00e5rtal, lotterier, kaffe och varm korv.<\/div>\n<div dir=\"auto\"><strong>V\u00e4lkomna!<\/strong><\/div>\n<div dir=\"auto\">Arrangeras av F\u00f6reningsalliansen.<\/div>\n<p>[\/et_pb_text][\/et_pb_column][et_pb_column type=&#8221;1_2&#8243; _builder_version=&#8221;4.17.3&#8243; _module_preset=&#8221;default&#8221; global_colors_info=&#8221;{}&#8221;][et_pb_image src=&#8221;https:\/\/vangabygden.se\/wp-content\/uploads\/2025\/04\/Valborgseld.jpg&#8221; title_text=&#8221;Valborgseld&#8221; _builder_version=&#8221;4.17.3&#8243; _module_preset=&#8221;default&#8221; global_colors_info=&#8221;{}&#8221;][\/et_pb_image][\/et_pb_column][\/et_pb_row][\/et_pb_section]<\/p>\n","protected":false},"excerpt":{"rendered":"<p>Valborg 2026 Valborgsfirande p\u00e5 hembygdsg\u00e5rden torsdag 30 april. \u00d6ppet fr\u00e5n 19.00 \u2013 22.00 B\u00f6rjar med v\u00e5rgudstj\u00e4nst i V\u00e5nga kyrka 20.00. Fackelt\u00e5g till hembygdsg\u00e5rden. Brasa, k\u00f6rs\u00e5ng, v\u00e5rtal, lotterier, kaffe och varm korv. V\u00e4lkomna! Arrangeras av F\u00f6reningsalliansen.<\/p>\n","protected":false},"author":2,"featured_media":0,"parent":0,"menu_order":0,"comment_status":"closed","ping_status":"closed","template":"","meta":{"_et_pb_use_builder":"on","_et_pb_old_content":"","_et_gb_content_width":"","footnotes":""},"class_list":["post-80","page","type-page","status-publish","hentry"],"post_mailing_queue_ids":[],"_links":{"self":[{"href":"https:\/\/vangabygden.se\/index.php?rest_route=\/wp\/v2\/pages\/80","targetHints":{"allow":["GET"]}}],"collection":[{"href":"https:\/\/vangabygden.se\/index.php?rest_route=\/wp\/v2\/pages"}],"about":[{"href":"https:\/\/vangabygden.se\/index.php?rest_route=\/wp\/v2\/types\/page"}],"author":[{"embeddable":true,"href":"https:\/\/vangabygden.se\/index.php?rest_route=\/wp\/v2\/users\/2"}],"replies":[{"embeddable":true,"href":"https:\/\/vangabygden.se\/index.php?rest_route=%2Fwp%2Fv2%2Fcomments&post=80"}],"version-history":[{"count":8,"href":"https:\/\/vangabygden.se\/index.php?rest_route=\/wp\/v2\/pages\/80\/revisions"}],"predecessor-version":[{"id":3240,"href":"https:\/\/vangabygden.se\/index.php?rest_route=\/wp\/v2\/pages\/80\/revisions\/3240"}],"wp:attachment":[{"href":"https:\/\/vangabygden.se\/index.php?rest_route=%2Fwp%2Fv2%2Fmedia&parent=80"}],"curies":[{"name":"wp","href":"https:\/\/api.w.org\/{rel}","templated":true}]}}