{"id":478,"date":"2019-10-06T17:05:28","date_gmt":"2019-10-06T15:05:28","guid":{"rendered":"https:\/\/vangabygden.se\/?page_id=478"},"modified":"2021-10-20T20:58:14","modified_gmt":"2021-10-20T18:58:14","slug":"foreningar-2","status":"publish","type":"page","link":"https:\/\/vangabygden.se\/?page_id=478","title":{"rendered":"F\u00f6reningar"},"content":{"rendered":"<p>[et_pb_section fb_built=&#8221;1&#8243; admin_label=&#8221;section&#8221; _builder_version=&#8221;3.0.47&#8243;][et_pb_row _builder_version=&#8221;3.3.1&#8243;][et_pb_column type=&#8221;3_4&#8243; _builder_version=&#8221;3.3.1&#8243; parallax=&#8221;off&#8221; parallax_method=&#8221;on&#8221;][et_pb_text _builder_version=&#8221;3.3.1&#8243;]<\/p>\n<p><strong>Hembygdsf\u00f6reningen i V\u00e5nga<\/strong><br \/>Kontaktperson: Arne Hultkvist, 0706-64 60 85<br \/>Hemsida:\u00a0<a href=\"https:\/\/www.hembygd.se\/vanga-ostergotland\">hembygd.se\/vanga-ostergotland<\/a><\/p>\n<p><span class=\"textheading2\"><a class=\"link1\" href=\"https:\/\/www.vangaif.se\/\" target=\"_blank\" rel=\"noopener\"><\/a><strong>V\u00e5nga IF<br \/><\/strong><a class=\"link1\" href=\"https:\/\/www.vangaif.se\/\" target=\"_blank\" rel=\"noopener\"><\/a><\/span>E-post:\u00a0<a href=\"mailto:vanga.if@vangaif.se\">vanga.if@vangaif.se<\/a><span class=\"textheading2\"><br \/>Hemsida:\u00a0<a href=\"https:\/\/www.vangaif.se\/\">www.vangaif.se\/<\/a><a class=\"link1\" href=\"https:\/\/www.vangaif.se\/\" target=\"_blank\" rel=\"noopener\"><br \/><\/a><a class=\"link1\" href=\"https:\/\/www.vangaif.se\/\" target=\"_blank\" rel=\"noopener\"><\/a><\/span><\/p>\n<p><strong>W\u00e5nga bygdeg\u00e5rd Klippan<\/strong><br \/><span style=\"font-size: 14px;\"><a class=\"link1\" href=\"http:\/\/www.bygdegardarna.se\/bygdegardklippan\/\" target=\"_blank\" rel=\"noopener\"><\/a><\/span><span style=\"font-size: 14px;\"><\/span><span>Kontaktpersoner:\u00a0Johan 0767686569,\u00a0Cattis 0706892372<br \/>Du kan ocks\u00e5 skriva via <a href=\"https:\/\/www.facebook.com\/vangabygdegard.klippan\">Facebook<\/a>.<br \/><\/span><span>Hemsida:\u00a0<a href=\"http:\/\/www.bygdegardarna.se\/bygdegardklippan\/\">www.bygdegardarna.se\/bygdegardklippan\/<\/a><\/span><\/p>\n<p><span style=\"font-size: 14px;\"><strong>V\u00e5nga Veterantraktorklubb<\/strong><br \/><\/span><span style=\"font-size: 14px;\">Kontaktperson: Anders Johansson, 0702-12 23 88<\/span><\/p>\n<p><span style=\"font-size: 14px;\"><strong>V\u00e5nga Ungdomsskytteklubb<\/strong><br \/><\/span><span style=\"font-size: 14px;\">Kontaktperson: Anette Holm, 0735-23 57 50<\/span><\/p>\n<p><span style=\"font-size: 14px;\"><strong>Holmens Viltsk\u00f6tselomr\u00e5de, \u00d6sterg\u00f6tland<\/strong><br \/>Hemsida:\u00a0<a href=\"http:\/\/www.holmenjakt.nu\/\">www.holmenjakt.nu<\/a><\/span><\/p>\n<p><span><\/span><strong>Folkdans Orgagillet<\/strong><br \/>Hemsida:\u00a0<a href=\"https:\/\/www.folkdansringen.se\/orgagillet\/\">www.folkdansringen.se\/orgagillet<\/a><\/p>\n<p>[\/et_pb_text][\/et_pb_column][et_pb_column type=&#8221;1_4&#8243; _builder_version=&#8221;3.3.1&#8243; parallax=&#8221;off&#8221; parallax_method=&#8221;on&#8221;][\/et_pb_column][\/et_pb_row][\/et_pb_section]<\/p>\n","protected":false},"excerpt":{"rendered":"<p>Hembygdsf\u00f6reningen i V\u00e5ngaKontaktperson: Arne Hultkvist, 0706-64 60 85Hemsida:\u00a0hembygd.se\/vanga-ostergotland V\u00e5nga IFE-post:\u00a0vanga.if@vangaif.seHemsida:\u00a0www.vangaif.se\/ W\u00e5nga bygdeg\u00e5rd KlippanKontaktpersoner:\u00a0Johan 0767686569,\u00a0Cattis 0706892372Du kan ocks\u00e5 skriva via Facebook.Hemsida:\u00a0www.bygdegardarna.se\/bygdegardklippan\/ V\u00e5nga VeterantraktorklubbKontaktperson: Anders Johansson, 0702-12 23 88 V\u00e5nga UngdomsskytteklubbKontaktperson: Anette Holm, 0735-23 57 50 Holmens Viltsk\u00f6tselomr\u00e5de, \u00d6sterg\u00f6tlandHemsida:\u00a0www.holmenjakt.nu Folkdans OrgagilletHemsida:\u00a0www.folkdansringen.se\/orgagillet<\/p>\n","protected":false},"author":2,"featured_media":0,"parent":0,"menu_order":0,"comment_status":"closed","ping_status":"closed","template":"","meta":{"_et_pb_use_builder":"on","_et_pb_old_content":"","_et_gb_content_width":"","footnotes":""},"class_list":["post-478","page","type-page","status-publish","hentry"],"post_mailing_queue_ids":[],"_links":{"self":[{"href":"https:\/\/vangabygden.se\/index.php?rest_route=\/wp\/v2\/pages\/478","targetHints":{"allow":["GET"]}}],"collection":[{"href":"https:\/\/vangabygden.se\/index.php?rest_route=\/wp\/v2\/pages"}],"about":[{"href":"https:\/\/vangabygden.se\/index.php?rest_route=\/wp\/v2\/types\/page"}],"author":[{"embeddable":true,"href":"https:\/\/vangabygden.se\/index.php?rest_route=\/wp\/v2\/users\/2"}],"replies":[{"embeddable":true,"href":"https:\/\/vangabygden.se\/index.php?rest_route=%2Fwp%2Fv2%2Fcomments&post=478"}],"version-history":[{"count":21,"href":"https:\/\/vangabygden.se\/index.php?rest_route=\/wp\/v2\/pages\/478\/revisions"}],"predecessor-version":[{"id":1374,"href":"https:\/\/vangabygden.se\/index.php?rest_route=\/wp\/v2\/pages\/478\/revisions\/1374"}],"wp:attachment":[{"href":"https:\/\/vangabygden.se\/index.php?rest_route=%2Fwp%2Fv2%2Fmedia&parent=478"}],"curies":[{"name":"wp","href":"https:\/\/api.w.org\/{rel}","templated":true}]}}