{"id":41,"date":"2018-05-21T10:26:26","date_gmt":"2018-05-21T08:26:26","guid":{"rendered":"http:\/\/vangabygden.se\/?page_id=41"},"modified":"2025-04-22T14:03:32","modified_gmt":"2025-04-22T12:03:32","slug":"hem","status":"publish","type":"page","link":"https:\/\/vangabygden.se\/","title":{"rendered":"Hem"},"content":{"rendered":"<p>[et_pb_section fb_built=&#8221;1&#8243; _builder_version=&#8221;4.16&#8243; global_colors_info=&#8221;{}&#8221;][et_pb_row _builder_version=&#8221;4.17.3&#8243; parallax=&#8221;on&#8221; global_colors_info=&#8221;{}&#8221;][et_pb_column type=&#8221;4_4&#8243; _builder_version=&#8221;4.16&#8243; custom_padding=&#8221;|||&#8221; global_colors_info=&#8221;{}&#8221; custom_padding__hover=&#8221;|||&#8221;][et_pb_slider _builder_version=&#8221;4.17.3&#8243; header_font=&#8221;||||||||&#8221; auto=&#8221;on&#8221; auto_speed=&#8221;5000&#8243; hover_enabled=&#8221;0&#8243; text_shadow_style=&#8221;preset5&#8243; text_shadow_color=&#8221;#000000&#8243; global_colors_info=&#8221;{}&#8221; button_text_size__hover_enabled=&#8221;off&#8221; button_one_text_size__hover_enabled=&#8221;off&#8221; button_two_text_size__hover_enabled=&#8221;off&#8221; button_text_color__hover_enabled=&#8221;off&#8221; button_one_text_color__hover_enabled=&#8221;off&#8221; button_two_text_color__hover_enabled=&#8221;off&#8221; button_border_width__hover_enabled=&#8221;off&#8221; button_one_border_width__hover_enabled=&#8221;off&#8221; button_two_border_width__hover_enabled=&#8221;off&#8221; button_border_color__hover_enabled=&#8221;off&#8221; button_one_border_color__hover_enabled=&#8221;off&#8221; button_two_border_color__hover_enabled=&#8221;off&#8221; button_border_radius__hover_enabled=&#8221;off&#8221; button_one_border_radius__hover_enabled=&#8221;off&#8221; button_two_border_radius__hover_enabled=&#8221;off&#8221; button_letter_spacing__hover_enabled=&#8221;off&#8221; button_one_letter_spacing__hover_enabled=&#8221;off&#8221; button_two_letter_spacing__hover_enabled=&#8221;off&#8221; button_bg_color__hover_enabled=&#8221;off&#8221; button_one_bg_color__hover_enabled=&#8221;off&#8221; button_two_bg_color__hover_enabled=&#8221;off&#8221; sticky_enabled=&#8221;0&#8243;][et_pb_slide heading=&#8221;V\u00e4lkommen till V\u00e5ngabygden!&#8221; button_link=&#8221;\/?page_id=267&#8243; _builder_version=&#8221;4.17.3&#8243; header_font_size=&#8221;53px&#8221; header_line_height=&#8221;1.4em&#8221; body_font_size=&#8221;21px&#8221; body_line_height=&#8221;1.4em&#8221; background_image=&#8221;https:\/\/vangabygden.se\/wp-content\/uploads\/2018\/05\/V\u00e5nga-Parti-av-V\u00e5nga_1.jpg&#8221; hover_enabled=&#8221;0&#8243; global_colors_info=&#8221;{}&#8221; button_text_size__hover_enabled=&#8221;off&#8221; button_one_text_size__hover_enabled=&#8221;off&#8221; button_two_text_size__hover_enabled=&#8221;off&#8221; button_text_color__hover_enabled=&#8221;off&#8221; button_one_text_color__hover_enabled=&#8221;off&#8221; button_two_text_color__hover_enabled=&#8221;off&#8221; button_border_width__hover_enabled=&#8221;off&#8221; button_one_border_width__hover_enabled=&#8221;off&#8221; button_two_border_width__hover_enabled=&#8221;off&#8221; button_border_color__hover_enabled=&#8221;off&#8221; button_one_border_color__hover_enabled=&#8221;off&#8221; button_two_border_color__hover_enabled=&#8221;off&#8221; button_border_radius__hover_enabled=&#8221;off&#8221; button_one_border_radius__hover_enabled=&#8221;off&#8221; button_two_border_radius__hover_enabled=&#8221;off&#8221; button_letter_spacing__hover_enabled=&#8221;off&#8221; button_one_letter_spacing__hover_enabled=&#8221;off&#8221; button_two_letter_spacing__hover_enabled=&#8221;off&#8221; button_bg_color__hover_enabled=&#8221;off&#8221; button_one_bg_color__hover_enabled=&#8221;off&#8221; button_two_bg_color__hover_enabled=&#8221;off&#8221; sticky_transition=&#8221;on&#8221; sticky_enabled=&#8221;0&#8243;]<\/p>\n<p><span>&#8211;\u00a0 En levande del av \u00d6sterg\u00f6tland\u00a0 &#8211;<\/span><\/p>\n<p>I menyn h\u00f6gst upp och l\u00e4ngst ner hittar du information f\u00f6r Dig som bor i eller vill bes\u00f6ka V\u00e5nga<\/p>\n<p>[\/et_pb_slide][et_pb_slide heading=&#8221;Vill du veta mer om V\u00e5nga?&#8221; button_link=&#8221;\/?post_type=tribe_events&#8221; _builder_version=&#8221;4.17.3&#8243; header_level=&#8221;h2&#8243; header_font=&#8221;||||||||&#8221; header_text_color=&#8221;#FFFFFF&#8221; header_font_size=&#8221;42px&#8221; header_line_height=&#8221;1.5em&#8221; body_font=&#8221;|600|||||||&#8221; body_text_color=&#8221;#FFFFFF&#8221; body_font_size=&#8221;21px&#8221; body_line_height=&#8221;1.5em&#8221; background_image=&#8221;https:\/\/vangabygden.se\/wp-content\/uploads\/2018\/05\/v\u00e5nga-kyrka.jpg&#8221; hover_enabled=&#8221;0&#8243; header_text_shadow_style=&#8221;preset1&#8243; body_text_shadow_style=&#8221;preset1&#8243; global_colors_info=&#8221;{}&#8221; button_text_size__hover_enabled=&#8221;off&#8221; button_one_text_size__hover_enabled=&#8221;off&#8221; button_two_text_size__hover_enabled=&#8221;off&#8221; button_text_color__hover_enabled=&#8221;off&#8221; button_one_text_color__hover_enabled=&#8221;off&#8221; button_two_text_color__hover_enabled=&#8221;off&#8221; button_border_width__hover_enabled=&#8221;off&#8221; button_one_border_width__hover_enabled=&#8221;off&#8221; button_two_border_width__hover_enabled=&#8221;off&#8221; button_border_color__hover_enabled=&#8221;off&#8221; button_one_border_color__hover_enabled=&#8221;off&#8221; button_two_border_color__hover_enabled=&#8221;off&#8221; button_border_radius__hover_enabled=&#8221;off&#8221; button_one_border_radius__hover_enabled=&#8221;off&#8221; button_two_border_radius__hover_enabled=&#8221;off&#8221; button_letter_spacing__hover_enabled=&#8221;off&#8221; button_one_letter_spacing__hover_enabled=&#8221;off&#8221; button_two_letter_spacing__hover_enabled=&#8221;off&#8221; button_bg_color__hover_enabled=&#8221;off&#8221; button_one_bg_color__hover_enabled=&#8221;off&#8221; button_two_bg_color__hover_enabled=&#8221;off&#8221; sticky_transition=&#8221;on&#8221; sticky_enabled=&#8221;0&#8243;]<\/p>\n<p>***<br \/>I menyn h\u00f6gst upp och l\u00e4ngst ner kommer du vidare<\/p>\n<p>[\/et_pb_slide][et_pb_slide heading=&#8221;Var med och st\u00f6tta VBU&#8221; button_text=&#8221;Verksamhetsber\u00e4ttelse 2024 (klicka h\u00e4r)&#8221; button_link=&#8221;https:\/\/vangabygden.se\/wp-content\/uploads\/2025\/04\/Arsredovisning-VBU-2024-2.pdf&#8221; _builder_version=&#8221;4.17.3&#8243; _module_preset=&#8221;default&#8221; header_level=&#8221;h3&#8243; header_font=&#8221;|||on|||||&#8221; header_font_size=&#8221;53px&#8221; header_letter_spacing=&#8221;0px&#8221; header_line_height=&#8221;1.4em&#8221; body_font=&#8221;||||||||&#8221; body_text_color=&#8221;#FFFFFF&#8221; body_font_size=&#8221;21px&#8221; body_line_height=&#8221;1.5em&#8221; background_color=&#8221;#44580E&#8221; background_enable_color=&#8221;on&#8221; hover_transition_duration=&#8221;0ms&#8221; header_text_shadow_style=&#8221;preset1&#8243; header_text_shadow_vertical_length=&#8221;0.09em&#8221; body_text_shadow_style=&#8221;preset1&#8243; global_colors_info=&#8221;{}&#8221; sticky_transition=&#8221;on&#8221;]<\/p>\n<p>&nbsp;<\/p>\n<p>Bli medlem du ocks\u00e5 i V\u00e5ngabygdens utvecklingsgrupp (VBU)<br \/>100:-\/person\/\u00e5r, 200:-\/f\u00f6retag\/\u00e5r<\/p>\n<p><strong>Bg 301-4107<\/strong><\/p>\n<p>&nbsp;<\/p>\n<p>[\/et_pb_slide][\/et_pb_slider][\/et_pb_column][\/et_pb_row][\/et_pb_section]<\/p>\n","protected":false},"excerpt":{"rendered":"<p>&#8211;\u00a0 En levande del av \u00d6sterg\u00f6tland\u00a0 &#8211; I menyn h\u00f6gst upp och l\u00e4ngst ner hittar du information f\u00f6r Dig som bor i eller vill bes\u00f6ka V\u00e5nga***I menyn h\u00f6gst upp och l\u00e4ngst ner kommer du vidare&nbsp; Bli medlem du ocks\u00e5 i V\u00e5ngabygdens utvecklingsgrupp (VBU)100:-\/person\/\u00e5r, 200:-\/f\u00f6retag\/\u00e5r Bg 301-4107 &nbsp;<\/p>\n","protected":false},"author":2,"featured_media":0,"parent":0,"menu_order":0,"comment_status":"closed","ping_status":"closed","template":"","meta":{"_et_pb_use_builder":"on","_et_pb_old_content":"","_et_gb_content_width":"","footnotes":""},"class_list":["post-41","page","type-page","status-publish","hentry"],"post_mailing_queue_ids":[],"_links":{"self":[{"href":"https:\/\/vangabygden.se\/index.php?rest_route=\/wp\/v2\/pages\/41","targetHints":{"allow":["GET"]}}],"collection":[{"href":"https:\/\/vangabygden.se\/index.php?rest_route=\/wp\/v2\/pages"}],"about":[{"href":"https:\/\/vangabygden.se\/index.php?rest_route=\/wp\/v2\/types\/page"}],"author":[{"embeddable":true,"href":"https:\/\/vangabygden.se\/index.php?rest_route=\/wp\/v2\/users\/2"}],"replies":[{"embeddable":true,"href":"https:\/\/vangabygden.se\/index.php?rest_route=%2Fwp%2Fv2%2Fcomments&post=41"}],"version-history":[{"count":60,"href":"https:\/\/vangabygden.se\/index.php?rest_route=\/wp\/v2\/pages\/41\/revisions"}],"predecessor-version":[{"id":3218,"href":"https:\/\/vangabygden.se\/index.php?rest_route=\/wp\/v2\/pages\/41\/revisions\/3218"}],"wp:attachment":[{"href":"https:\/\/vangabygden.se\/index.php?rest_route=%2Fwp%2Fv2%2Fmedia&parent=41"}],"curies":[{"name":"wp","href":"https:\/\/api.w.org\/{rel}","templated":true}]}}