{"id":326,"date":"2018-05-31T14:55:56","date_gmt":"2018-05-31T12:55:56","guid":{"rendered":"http:\/\/vangabygden.se\/?page_id=326"},"modified":"2025-04-22T14:36:02","modified_gmt":"2025-04-22T12:36:02","slug":"vangas-historia","status":"publish","type":"page","link":"https:\/\/vangabygden.se\/?page_id=326","title":{"rendered":"V\u00e5ngas historia"},"content":{"rendered":"<p>[et_pb_section fb_built=&#8221;1&#8243; admin_label=&#8221;section&#8221; _builder_version=&#8221;4.16&#8243; global_colors_info=&#8221;{}&#8221;][et_pb_row column_structure=&#8221;1_2,1_2&#8243; _builder_version=&#8221;4.17.3&#8243; global_colors_info=&#8221;{}&#8221;][et_pb_column type=&#8221;1_2&#8243; _builder_version=&#8221;4.16&#8243; custom_padding=&#8221;|||&#8221; global_colors_info=&#8221;{}&#8221; custom_padding__hover=&#8221;|||&#8221;][et_pb_text _builder_version=&#8221;4.17.3&#8243; hover_enabled=&#8221;0&#8243; global_colors_info=&#8221;{}&#8221; sticky_enabled=&#8221;0&#8243;]<\/p>\n<h1><span>Historia<\/span><\/h1>\n<p><span>Den stora och st\u00e5tliga kyrkan i gotisk stil byggdes 1864-1866 efter ritningar av professor F.W. Scholander.<br \/>Den l\u00e4r ha haft 700 sittplatser, men d\u00e5 satt man s\u00e4kert riktigt tr\u00e5ngt. Vid ett \u00e5sknedslag 1959 totalf\u00f6rst\u00f6rdes kyrkan och endast murarna stod kvar. En del av inventarierna r\u00e4ddades av modiga ortsbor. Tv\u00e5 \u00e5r senare \u00e5terinvigdes kyrkan.\u00a0<\/span><\/p>\n<p><span>Den gamla kyrkan fr\u00e5n 1200-talet var helgad \u00e5t Sankt Olof. Den revs i slutet av 1800-talet och\u00a0<\/span><span style=\"font-size: 14px;\">endast koret bevarades och anv\u00e4ndes under m\u00e5nga \u00e5r som gravkapell. En del inventarier flyttades \u00f6ver till nya kyrkan.<\/span><\/p>\n<p><span>Den gamla kyrkd\u00f6rren finns bevarad p\u00e5 Statens Historiska Museum och l\u00e4r vara tillverkad av en \u00f6stg\u00f6tsk m\u00e4stare p\u00e5 1200-talet.<\/span><span>\u00a0<\/span><\/p>\n<p><span><\/span><\/p>\n<p>[\/et_pb_text][et_pb_text _builder_version=&#8221;4.16&#8243; custom_margin=&#8221;-25px|||||&#8221; global_colors_info=&#8221;{}&#8221;]<\/p>\n<p><span>M\u00e5nga gruvh\u00e5l i norra och \u00f6stra delen av V\u00e5nga men \u00e4ven i Tolskepp vittnar om bergshantering i forna dagar. <br \/>Till V\u00e5nga Bergslag h\u00f6rde \u00e4ven hemman i Risinge, Kullerstad och Kimstad socknar. <br \/>N\u00e4r bergshanteringen b\u00f6rjade h\u00e4r vet man inte, men man har kommit fram till att det br\u00f6ts j\u00e4rnmalm under tidig medeltid i v\u00e5ra bygder. <\/span><\/p>\n<p><span>1480 levererade biskop Henrik Tidemansson j\u00e4rn fr\u00e5n V\u00e5nga till byggandet av Link\u00f6pings domkyrka. Biskop Tidemanson l\u00e4r vara f\u00f6dd i Tolskepp. Han dog 1500. Bergslagsprivilegierna f\u00f6r V\u00e5nga drogs in 1830.<br \/><\/span><span>F\u00f6rutom de m\u00e5nga j\u00e4rngruvorna finns ocks\u00e5 rester efter en koppargruva i n\u00e4rheten av Lada och en silvergruva i n\u00e4rheten av Planterhagen.\u00a0<\/span><span>Brytningen vid de tv\u00e5 sistn\u00e4mnda gruvorna skedde fr\u00e5n slutet av 1500-talet.\u00a0<br \/><\/span><span>F\u00f6rutom gruvh\u00e5l finns l\u00e4mningar efter hyttor, slaggh\u00f6gar och kolbottnar. P\u00e5 Veteklint, R\u00e5klinten och L\u00f6vn\u00e4s (Suggebo skans) finns l\u00e4mningar efter borgar.<\/span><span>\u00a0<\/span><\/p>\n<p><span>1860 hittades en spiralring av guld samt \u00e5tta brakteater (medaljliknande h\u00e4ngsmycke av guld) i ett k\u00e4rr vid Torlunda. <br \/>Fyndet \u00e4r daterat till folkvandringens dagar och finns bevarat p\u00e5 Statens Historiska Museum. 1939 hittades p\u00e5 Grensholm ett b\u00e5tyxk\u00e4rl. <br \/>B\u00e5tyxkulturen fr\u00e5n yngre sten\u00e5ldern k\u00e4nnetecknas av att de d\u00f6da begravdes liggande p\u00e5 ena sidan med uppdragna kn\u00e4n och som gravgods f\u00e5tt med sig b\u00e5tformiga stridsyxor, h\u00e5lslipade flint- eller stenmejslar och halvklotformiga lerk\u00e4rl med inst\u00e4mplade band eller v\u00e5gformiga m\u00f6nster, p\u00e5 de \u00e4ldsta bildade av sn\u00f6rintryck. <br \/>B\u00e5tyxekulturen h\u00f6r till de sn\u00f6rkeramiska stridsyxkulturer som omkring 2000 f.Kr. fr\u00e5n syd\u00f6st utbredde sig \u00f6ver norra och mellersta Europa. Fyndet finns bevarat p\u00e5 Statens Historiska Museum.<\/span><span>\u00a0<\/span><\/p>\n<p><span>P\u00e5 1940-talet fanns det 6 folkskolor i V\u00e5nga. Idag finns tv\u00e5 dagis och en skola f\u00f6r l\u00e5g- och mellanstadieelever. <br \/>H\u00f6gstadieeleverna f\u00e5r sin undervisning vid Mosstorpsskolan i Sk\u00e4rblacka. Gymnasieeleverna \u00e5ker till Finsp\u00e5ng, Norrk\u00f6ping eller Vreta Kloster.<\/span><\/p>\n<p><span>P\u00e5 1950-talet fanns sju livsmedelsaff\u00e4rer i V\u00e5nga. Idag ligger n\u00e4rmsta livsmedelsaff\u00e4rer i Sk\u00e4rblacka bel\u00e4gen 8 km fr\u00e5n V\u00e5nga kyrkby.<\/span><\/p>\n<p>[\/et_pb_text][\/et_pb_column][et_pb_column type=&#8221;1_2&#8243; _builder_version=&#8221;4.16&#8243; custom_padding=&#8221;|||&#8221; global_colors_info=&#8221;{}&#8221; custom_padding__hover=&#8221;|||&#8221;][et_pb_text _builder_version=&#8221;4.17.3&#8243; _module_preset=&#8221;default&#8221; global_colors_info=&#8221;{}&#8221;]<\/p>\n<p><strong>Klicka p\u00e5 menyvalen f\u00f6r att l\u00e4sa mer<\/strong><\/p>\n<blockquote>\n<p><a href=\"https:\/\/vangabygden.se\/?page_id=326\">V\u00e5ngas historia<\/a><\/p>\n<p><a href=\"https:\/\/vangabygden.se\/?page_id=321\">V\u00e5ngas natur<\/a><\/p>\n<p><a href=\"https:\/\/vangabygden.se\/?page_id=324\">Vandringsleder<\/a><\/p>\n<p><a href=\"https:\/\/vangabygden.se\/?page_id=296\">Upplev V\u00e5nga<\/a><\/p>\n<\/blockquote>\n<p>[\/et_pb_text][et_pb_text _builder_version=&#8221;4.16&#8243; text_font=&#8221;||||||||&#8221; max_width_last_edited=&#8221;off|desktop&#8221; global_colors_info=&#8221;{}&#8221;]<\/p>\n<p><img loading=\"lazy\" decoding=\"async\" src=\"https:\/\/vangabygden.se\/wp-content\/uploads\/2021\/11\/Vanga-kyrka-300x225.jpg\" width=\"300\" height=\"225\" alt=\"\" class=\"wp-image-1482 size-medium\" srcset=\"https:\/\/vangabygden.se\/wp-content\/uploads\/2021\/11\/Vanga-kyrka-300x225.jpg 300w, https:\/\/vangabygden.se\/wp-content\/uploads\/2021\/11\/Vanga-kyrka-768x576.jpg 768w, https:\/\/vangabygden.se\/wp-content\/uploads\/2021\/11\/Vanga-kyrka-510x382.jpg 510w, https:\/\/vangabygden.se\/wp-content\/uploads\/2021\/11\/Vanga-kyrka.jpg 1024w\" sizes=\"auto, (max-width: 300px) 100vw, 300px\" \/> V\u00e5nga kyrka<\/p>\n<p>[\/et_pb_text][et_pb_text _builder_version=&#8221;4.16&#8243; global_colors_info=&#8221;{}&#8221;]<\/p>\n<div class=\"et-fb-loader\" style=\"position: relative; margin-bottom: 40px;\"><\/div>\n<p><img loading=\"lazy\" decoding=\"async\" src=\"https:\/\/vangabygden.se\/wp-content\/uploads\/2021\/11\/Vanga-gamla_kyrkan_tavla_av_dg_1946-300x186.jpg\" width=\"300\" height=\"186\" alt=\"\" class=\"wp-image-1483 size-medium\" srcset=\"https:\/\/vangabygden.se\/wp-content\/uploads\/2021\/11\/Vanga-gamla_kyrkan_tavla_av_dg_1946-300x186.jpg 300w, https:\/\/vangabygden.se\/wp-content\/uploads\/2021\/11\/Vanga-gamla_kyrkan_tavla_av_dg_1946-1024x635.jpg 1024w, https:\/\/vangabygden.se\/wp-content\/uploads\/2021\/11\/Vanga-gamla_kyrkan_tavla_av_dg_1946-768x476.jpg 768w, https:\/\/vangabygden.se\/wp-content\/uploads\/2021\/11\/Vanga-gamla_kyrkan_tavla_av_dg_1946-1536x952.jpg 1536w, https:\/\/vangabygden.se\/wp-content\/uploads\/2021\/11\/Vanga-gamla_kyrkan_tavla_av_dg_1946-1080x669.jpg 1080w, https:\/\/vangabygden.se\/wp-content\/uploads\/2021\/11\/Vanga-gamla_kyrkan_tavla_av_dg_1946.jpg 1920w\" sizes=\"auto, (max-width: 300px) 100vw, 300px\" \/> V\u00e5nga gamla kyrka fr\u00e5n 1200-talet<\/p>\n<p>[\/et_pb_text][et_pb_text _builder_version=&#8221;4.16&#8243; global_colors_info=&#8221;{}&#8221;]<\/p>\n<p><img loading=\"lazy\" decoding=\"async\" src=\"https:\/\/vangabygden.se\/wp-content\/uploads\/2019\/10\/FOLKDR.PNG-for-web-NORMAL-142x300.jpg\" width=\"142\" height=\"300\" alt=\"\" class=\"wp-image-453 alignnone size-medium\" style=\"float: left;\" srcset=\"https:\/\/vangabygden.se\/wp-content\/uploads\/2019\/10\/FOLKDR.PNG-for-web-NORMAL-142x300.jpg 142w, https:\/\/vangabygden.se\/wp-content\/uploads\/2019\/10\/FOLKDR.PNG-for-web-NORMAL.jpg 151w\" sizes=\"auto, (max-width: 142px) 100vw, 142px\" \/><br \/>Folkdr\u00e4kt fr\u00e5n V\u00e5nga<\/p>\n<p>[\/et_pb_text][\/et_pb_column][\/et_pb_row][\/et_pb_section]<\/p>\n","protected":false},"excerpt":{"rendered":"<p>Historia Den stora och st\u00e5tliga kyrkan i gotisk stil byggdes 1864-1866 efter ritningar av professor F.W. Scholander.Den l\u00e4r ha haft 700 sittplatser, men d\u00e5 satt man s\u00e4kert riktigt tr\u00e5ngt. Vid ett \u00e5sknedslag 1959 totalf\u00f6rst\u00f6rdes kyrkan och endast murarna stod kvar. En del av inventarierna r\u00e4ddades av modiga ortsbor. Tv\u00e5 \u00e5r senare \u00e5terinvigdes kyrkan.\u00a0 Den gamla [&hellip;]<\/p>\n","protected":false},"author":2,"featured_media":0,"parent":41,"menu_order":0,"comment_status":"closed","ping_status":"closed","template":"","meta":{"_et_pb_use_builder":"on","_et_pb_old_content":"","_et_gb_content_width":"","footnotes":""},"class_list":["post-326","page","type-page","status-publish","hentry"],"post_mailing_queue_ids":[],"_links":{"self":[{"href":"https:\/\/vangabygden.se\/index.php?rest_route=\/wp\/v2\/pages\/326","targetHints":{"allow":["GET"]}}],"collection":[{"href":"https:\/\/vangabygden.se\/index.php?rest_route=\/wp\/v2\/pages"}],"about":[{"href":"https:\/\/vangabygden.se\/index.php?rest_route=\/wp\/v2\/types\/page"}],"author":[{"embeddable":true,"href":"https:\/\/vangabygden.se\/index.php?rest_route=\/wp\/v2\/users\/2"}],"replies":[{"embeddable":true,"href":"https:\/\/vangabygden.se\/index.php?rest_route=%2Fwp%2Fv2%2Fcomments&post=326"}],"version-history":[{"count":14,"href":"https:\/\/vangabygden.se\/index.php?rest_route=\/wp\/v2\/pages\/326\/revisions"}],"predecessor-version":[{"id":3235,"href":"https:\/\/vangabygden.se\/index.php?rest_route=\/wp\/v2\/pages\/326\/revisions\/3235"}],"up":[{"embeddable":true,"href":"https:\/\/vangabygden.se\/index.php?rest_route=\/wp\/v2\/pages\/41"}],"wp:attachment":[{"href":"https:\/\/vangabygden.se\/index.php?rest_route=%2Fwp%2Fv2%2Fmedia&parent=326"}],"curies":[{"name":"wp","href":"https:\/\/api.w.org\/{rel}","templated":true}]}}