{"id":324,"date":"2018-05-31T14:55:32","date_gmt":"2018-05-31T12:55:32","guid":{"rendered":"http:\/\/vangabygden.se\/?page_id=324"},"modified":"2025-04-22T14:38:08","modified_gmt":"2025-04-22T12:38:08","slug":"vandringsleder","status":"publish","type":"page","link":"https:\/\/vangabygden.se\/?page_id=324","title":{"rendered":"Vandringsleder"},"content":{"rendered":"<p>[et_pb_section fb_built=&#8221;1&#8243; admin_label=&#8221;section&#8221; _builder_version=&#8221;4.16&#8243; animation_style=&#8221;fade&#8221; animation_duration=&#8221;1500ms&#8221; animation_starting_opacity=&#8221;49%&#8221; global_colors_info=&#8221;{}&#8221;][et_pb_row column_structure=&#8221;1_2,1_2&#8243; _builder_version=&#8221;4.17.3&#8243; global_colors_info=&#8221;{}&#8221;][et_pb_column type=&#8221;1_2&#8243; _builder_version=&#8221;4.16&#8243; custom_padding=&#8221;|||&#8221; global_colors_info=&#8221;{}&#8221; custom_padding__hover=&#8221;|||&#8221;][et_pb_text _builder_version=&#8221;4.17.3&#8243; hover_enabled=&#8221;0&#8243; global_colors_info=&#8221;{}&#8221; sticky_enabled=&#8221;0&#8243;]<\/p>\n<h1><span>Vandringsleder<\/span><\/h1>\n<p><span>Det finns m\u00e5nga trevliga st\u00e4llen att str\u00f6va runt p\u00e5 i V\u00e5nga. <\/span><\/p>\n<p><span><strong>V\u00e5ngaleden<\/strong> \u00e4r en markerad led som \u00e4r drygt en mil l\u00e5ng. Leden\u00a0<\/span><span>g\u00e5r i trakten av Tolskepp och g\u00e5r genom vacker skogsmark samt l\u00e4ngs sj\u00f6arna Axsj\u00f6n och H\u00e4len. Leden passerar historiska l\u00e4mningar som till exempel j\u00e4rngruvorna vid Tolskepp.\u00a0<\/span><span style=\"font-size: 14px;\">L\u00e4ngs leden finns informationstavlor och vid starten vid Butbro (r\u00f6d prick p\u00e5 kartan) finns brevl\u00e5da med kartor och g\u00e4stbok.<\/span><a class=\"link1\" href=\"https:\/\/vangabygden.se\/wp-content\/uploads\/2019\/10\/V\u00e5ngaleden-A4.pdf\" target=\"_blank\" rel=\"noopener\" style=\"font-size: 14px;\">\u00a0<\/a><span style=\"font-size: 14px;\">Parkeringsm\u00f6jlighet finns vid Butbro.\u00a0<\/span><\/p>\n<p><span>Vid fr\u00e5gor eller synpunkter, kontakta\u00a0<strong>Christer Sandberg<\/strong>\u00a0p\u00e5 0703-13 33 75.<\/span><\/p>\n<p>[\/et_pb_text][\/et_pb_column][et_pb_column type=&#8221;1_2&#8243; _builder_version=&#8221;4.16&#8243; custom_padding=&#8221;|||&#8221; global_colors_info=&#8221;{}&#8221; custom_padding__hover=&#8221;|||&#8221;][et_pb_text _builder_version=&#8221;4.17.3&#8243; _module_preset=&#8221;default&#8221; global_colors_info=&#8221;{}&#8221;]<\/p>\n<p><strong>Klicka p\u00e5 menyvalen f\u00f6r att l\u00e4sa mer<\/strong><\/p>\n<blockquote>\n<p><a href=\"https:\/\/vangabygden.se\/?page_id=326\">V\u00e5ngas historia<\/a><\/p>\n<p><a href=\"https:\/\/vangabygden.se\/?page_id=321\">V\u00e5ngas natur<\/a><\/p>\n<p><a href=\"https:\/\/vangabygden.se\/?page_id=324\">Vandringsleder<\/a><\/p>\n<p><a href=\"https:\/\/vangabygden.se\/?page_id=296\">Upplev V\u00e5nga<\/a><\/p>\n<\/blockquote>\n<p>[\/et_pb_text][\/et_pb_column][\/et_pb_row][et_pb_row column_structure=&#8221;2_3,1_3&#8243; _builder_version=&#8221;4.16&#8243; global_colors_info=&#8221;{}&#8221;][et_pb_column type=&#8221;2_3&#8243; _builder_version=&#8221;4.16&#8243; custom_padding=&#8221;|||&#8221; global_colors_info=&#8221;{}&#8221; custom_padding__hover=&#8221;|||&#8221;][et_pb_image src=&#8221;https:\/\/vangabygden.se\/wp-content\/uploads\/2021\/11\/Vangaleden.png&#8221; align_tablet=&#8221;center&#8221; align_phone=&#8221;center&#8221; align_last_edited=&#8221;on|desktop&#8221; _builder_version=&#8221;4.16&#8243; global_colors_info=&#8221;{}&#8221;][\/et_pb_image][\/et_pb_column][et_pb_column type=&#8221;1_3&#8243; _builder_version=&#8221;4.16&#8243; custom_padding=&#8221;|||&#8221; global_colors_info=&#8221;{}&#8221; custom_padding__hover=&#8221;|||&#8221;][et_pb_divider _builder_version=&#8221;4.16&#8243; global_colors_info=&#8221;{}&#8221;][\/et_pb_divider][et_pb_text _builder_version=&#8221;4.17.3&#8243; hover_enabled=&#8221;0&#8243; global_colors_info=&#8221;{}&#8221; sticky_enabled=&#8221;0&#8243;]<\/p>\n<p style=\"text-align: center;\">Knappen \u00f6ppnar en pdf-fil<\/p>\n<p>[\/et_pb_text][et_pb_button button_url=&#8221;https:\/\/vangabygden.se\/wp-content\/uploads\/2021\/11\/Vangaleden-211115.pdf&#8221; button_text=&#8221;Karta&#8221; button_alignment=&#8221;center&#8221; _builder_version=&#8221;4.16&#8243; animation_style=&#8221;fade&#8221; box_shadow_style=&#8221;preset1&#8243; global_colors_info=&#8221;{}&#8221; button_text_size__hover_enabled=&#8221;off&#8221; button_one_text_size__hover_enabled=&#8221;off&#8221; button_two_text_size__hover_enabled=&#8221;off&#8221; button_text_color__hover_enabled=&#8221;off&#8221; button_one_text_color__hover_enabled=&#8221;off&#8221; button_two_text_color__hover_enabled=&#8221;off&#8221; button_border_width__hover_enabled=&#8221;off&#8221; button_one_border_width__hover_enabled=&#8221;off&#8221; button_two_border_width__hover_enabled=&#8221;off&#8221; button_border_color__hover_enabled=&#8221;off&#8221; button_one_border_color__hover_enabled=&#8221;off&#8221; button_two_border_color__hover_enabled=&#8221;off&#8221; button_border_radius__hover_enabled=&#8221;off&#8221; button_one_border_radius__hover_enabled=&#8221;off&#8221; button_two_border_radius__hover_enabled=&#8221;off&#8221; button_letter_spacing__hover_enabled=&#8221;off&#8221; button_one_letter_spacing__hover_enabled=&#8221;off&#8221; button_two_letter_spacing__hover_enabled=&#8221;off&#8221; button_bg_color__hover_enabled=&#8221;off&#8221; button_one_bg_color__hover_enabled=&#8221;off&#8221; button_two_bg_color__hover_enabled=&#8221;off&#8221;][\/et_pb_button][et_pb_text _builder_version=&#8221;4.17.3&#8243; hover_enabled=&#8221;0&#8243; global_colors_info=&#8221;{}&#8221; sticky_enabled=&#8221;0&#8243;]<\/p>\n<p style=\"text-align: center;\">Pdf-filen har tv\u00e5 sidor. Den f\u00f6rsta sidan visar V\u00e5ngaleden och den andra visar kartan d\u00e4r<br \/>socknarna kring V\u00e5nga socken \u00e4r markerade.<\/p>\n<p>[\/et_pb_text][et_pb_divider _builder_version=&#8221;4.16&#8243; global_colors_info=&#8221;{}&#8221;][\/et_pb_divider][\/et_pb_column][\/et_pb_row][\/et_pb_section]<\/p>\n","protected":false},"excerpt":{"rendered":"<p>Vandringsleder Det finns m\u00e5nga trevliga st\u00e4llen att str\u00f6va runt p\u00e5 i V\u00e5nga. V\u00e5ngaleden \u00e4r en markerad led som \u00e4r drygt en mil l\u00e5ng. Leden\u00a0g\u00e5r i trakten av Tolskepp och g\u00e5r genom vacker skogsmark samt l\u00e4ngs sj\u00f6arna Axsj\u00f6n och H\u00e4len. Leden passerar historiska l\u00e4mningar som till exempel j\u00e4rngruvorna vid Tolskepp.\u00a0L\u00e4ngs leden finns informationstavlor och vid starten [&hellip;]<\/p>\n","protected":false},"author":2,"featured_media":0,"parent":41,"menu_order":0,"comment_status":"closed","ping_status":"closed","template":"","meta":{"_et_pb_use_builder":"on","_et_pb_old_content":"","_et_gb_content_width":"","footnotes":""},"class_list":["post-324","page","type-page","status-publish","hentry"],"post_mailing_queue_ids":[],"_links":{"self":[{"href":"https:\/\/vangabygden.se\/index.php?rest_route=\/wp\/v2\/pages\/324","targetHints":{"allow":["GET"]}}],"collection":[{"href":"https:\/\/vangabygden.se\/index.php?rest_route=\/wp\/v2\/pages"}],"about":[{"href":"https:\/\/vangabygden.se\/index.php?rest_route=\/wp\/v2\/types\/page"}],"author":[{"embeddable":true,"href":"https:\/\/vangabygden.se\/index.php?rest_route=\/wp\/v2\/users\/2"}],"replies":[{"embeddable":true,"href":"https:\/\/vangabygden.se\/index.php?rest_route=%2Fwp%2Fv2%2Fcomments&post=324"}],"version-history":[{"count":31,"href":"https:\/\/vangabygden.se\/index.php?rest_route=\/wp\/v2\/pages\/324\/revisions"}],"predecessor-version":[{"id":3236,"href":"https:\/\/vangabygden.se\/index.php?rest_route=\/wp\/v2\/pages\/324\/revisions\/3236"}],"up":[{"embeddable":true,"href":"https:\/\/vangabygden.se\/index.php?rest_route=\/wp\/v2\/pages\/41"}],"wp:attachment":[{"href":"https:\/\/vangabygden.se\/index.php?rest_route=%2Fwp%2Fv2%2Fmedia&parent=324"}],"curies":[{"name":"wp","href":"https:\/\/api.w.org\/{rel}","templated":true}]}}