{"id":321,"date":"2018-05-31T14:55:18","date_gmt":"2018-05-31T12:55:18","guid":{"rendered":"http:\/\/vangabygden.se\/?page_id=321"},"modified":"2025-04-22T14:35:20","modified_gmt":"2025-04-22T12:35:20","slug":"vangas-natur","status":"publish","type":"page","link":"https:\/\/vangabygden.se\/?page_id=321","title":{"rendered":"V\u00e5ngas natur"},"content":{"rendered":"<p>[et_pb_section fb_built=&#8221;1&#8243; admin_label=&#8221;section&#8221; _builder_version=&#8221;4.16&#8243; global_colors_info=&#8221;{}&#8221;][et_pb_row column_structure=&#8221;1_2,1_2&#8243; _builder_version=&#8221;4.17.3&#8243; global_colors_info=&#8221;{}&#8221;][et_pb_column type=&#8221;1_2&#8243; _builder_version=&#8221;4.16&#8243; custom_padding=&#8221;|||&#8221; global_colors_info=&#8221;{}&#8221; custom_padding__hover=&#8221;|||&#8221;][et_pb_text _builder_version=&#8221;4.17.3&#8243; hover_enabled=&#8221;0&#8243; global_colors_info=&#8221;{}&#8221; sticky_enabled=&#8221;0&#8243;]<\/p>\n<h2><span>Natur<\/span><\/h2>\n<p><span>V\u00e5nga \u00e4r en mycket vacker bygd med omv\u00e4xlande natur som pr\u00e4glas av jordbrukslandskapet i f\u00f6rkastningen, de kalkhaltiga markerna kring Veteklint, str\u00e4nderna l\u00e4ngs Roxen och Glan samt skogsmarkerna i v\u00e4ster.<\/span><span>\u00a0<\/span><\/p>\n<p><span>V\u00e5ngaf\u00f6rkastningen \u00e4r en geologiskt intressant struktur som best\u00e5r av en kil som str\u00e4cker sig rakt norrut fr\u00e5n Roxen och sedan sydost fr\u00e5n norra delen av sj\u00f6n \u00d6ren.\u00a0F\u00f6rkastningen syns mycket tydligt p\u00e5 kartor och flygfoton, se kartan under fliken &#8221;Upplev V\u00e5nga&#8221;. F\u00f6rkastningen \u00e4r mycket gammal, ca 200 miljoner \u00e5r. H\u00f6jdskillnaden mellan botten i f\u00f6rkastningen och skogsmarken i v\u00e4ster \u00e4r ca 50 meter vilket ger en tydlig p\u00e5verkan p\u00e5 klimatet.\u00a0V\u00e5ren kommer 1 \u2013 2 veckor senare uppe i skogen och det kommer alltid mer nederb\u00f6rd. <\/span><\/p>\n<p><span>Den varierande naturen g\u00f6r att V\u00e5nga \u00e4r mycket artrik b\u00e5de avseende flora och fauna. Nedan f\u00f6ljer n\u00e5gra exempel p\u00e5 trevliga or\u00e5den att bes\u00f6ka och exempel p\u00e5 vad man kan uppleva.<\/span><\/p>\n<p><span style=\"font-size: 26px; color: #333333;\"><\/span><\/p>\n<p><span style=\"font-size: 26px; color: #333333;\">Veteklint<\/span><\/p>\n<p><span>Veteklint pr\u00e4glas av den kalkhaltiga berggrunden och hyser en rik flora. Under m\u00e5nga \u00e5r har kalk brutits och br\u00e4nts h\u00e4r. Kalkbrottet \u00e4r ganska stort och p\u00e5 botten v\u00e4xer brudsporre, flera pyrola-arter, blodn\u00e4va, m.fl.<br \/>Andra typiskt kalkgynnade v\u00e4xter som kan ses i omr\u00e5det \u00e4r purpurkniprot och tulk\u00f6rt. Fr\u00e5n sj\u00e4lva Veteklint har man en magnifik utsikt \u00f6ver Glan i norr.<\/span><\/p>\n<p><span style=\"color: #333333; font-size: 26px;\"><\/span><\/p>\n<p><span style=\"color: #333333; font-size: 26px;\">Jordbruksbygden<\/span><span style=\"color: #333333; font-size: 26px;\">\u00a0<\/span><\/p>\n<p><span>Jordbrukslandskapet i V\u00e5nga \u00e4r ganska varierat och \u00e4r f\u00f6rh\u00e5llandevis sm\u00e5skaligt. \u00c5krar, bete, enbuskmarker och skogsholmar blandas till en vacker tavla och marken \u00e4r p\u00e5 sina st\u00e4llen ganska kuperad, vilket bidrar till ett harmoniskt landskap. Omr\u00e5det s\u00f6der ut mot Roxen och Grensholm \u00e4r mycket vackert. I betesmarkerna och vid \u00e5kerkanterna finns p\u00e5 n\u00e5gra st\u00e4llen r\u00f6dfibbla, backkl\u00f6ver, mm. V\u00e5tmarker finns kring sj\u00f6n \u00d6ren och p\u00e5 Grensholms \u00e4gor. Grensholms v\u00e5tmarker hyser stora m\u00e4ngder rastande f\u00e5glar framf\u00f6rallt p\u00e5 v\u00e5rarna. En v\u00e5tmark ligger vid Fr\u00f6jerum mellan Norsholm och Grensholm och en s\u00f6der om Rosendal. D\u00e4r kan alla Sveriges sim\u00e4nder och de flesta dyk\u00e4nderna ses p\u00e5 v\u00e5ren. H\u00e4ckar g\u00f6r brun k\u00e4rrh\u00f6k, fiskgjuse, l\u00e4rkfalk, s\u00e4vsparv, m.fl. Havs\u00f6rn kan ofta ses i V\u00e5nga flygande mellan sj\u00f6arna.<\/span><span style=\"font-size: 14px;\">\u00a0<\/span><\/p>\n<p><span style=\"color: #333333; font-size: 26px;\"><\/span><\/p>\n<p><span style=\"color: #333333; font-size: 26px;\">Skogslandskapet<\/span><span style=\"color: #333333; font-size: 26px;\">\u00a0<\/span><\/p>\n<p><span>V\u00e5ngas v\u00e4stra del utg\u00f6r b\u00f6rjan av en vidstr\u00e4ckt skogsbygd som str\u00e4cker sig \u00e4nda till V\u00e4ttern och norrut mot \u00d6rebro. Skogslandskapet \u00e4r ganska vilt och hyser m\u00e5nga typiska storskogsarter som tj\u00e4der, orre, j\u00e4rpe, sparvuggla, p\u00e4rluggla, storlom och nattsk\u00e4rra.<br \/>Om man har tur kan man h\u00f6ra berguvens mystiska rop under v\u00e5rvintern eller se skymten av ett lodjur. <\/span><\/p>\n<p><span>P\u00e5 de skogskl\u00e4dda myrmarkerna kan man ganska ofta plocka hjortron och tranb\u00e4r finns n\u00e4stan varje h\u00f6st p\u00e5 de \u00f6ppna myrarna.<br \/>Skogsomr\u00e5det n\u00e5s t ex via v\u00e4gen upp mot Tolskepp. Vargskuttet \u00e4r en brant klippa som ligger n\u00e4ra Tolskepp utefter nya vandringsleden, se &#8221;Upplev V\u00e5nga&#8221;.<br \/>Enligt legenderna jagades vargar mot stupet och tvingades ner i d\u00f6den \u00f6ver stupkanten. <\/span><\/p>\n<p><span>Om man vill svalka sig en varm sommardag kan man bada vid Roxen (promenad till sj\u00f6\u00e4ngsbadet vid Grensholm), vid Horken, H\u00e5lldammen, H\u00e4len och Strussj\u00f6n.<br \/>Var sn\u00e4lla och h\u00e5ll rent vid sj\u00f6arna, ingen av dessa st\u00e4llen \u00e4r allm\u00e4nna badplatser.<\/span><\/p>\n<p><span style=\"color: #333333; font-size: 26px;\"><\/span><\/p>\n<p><span style=\"color: #333333; font-size: 26px;\">De stora sj\u00f6arna<\/span><span style=\"color: #333333; font-size: 26px;\">\u00a0<\/span><\/p>\n<p><span>V\u00e5nga socken avgr\u00e4nsas i norr av sj\u00f6n Glan och i s\u00f6der av sj\u00f6n Roxen. B\u00e5da sj\u00f6arna ing\u00e5r i Motalastr\u00f6ms vattensystem. Sj\u00f6arna \u00e4r starkt p\u00e5verkade av \u00e5kerbruket runt dem och \u00e4r n\u00e4ringsrika. I b\u00e5da sj\u00f6arna bedrivs yrkesm\u00e4ssigt fiske. F\u00f6r den som vill pr\u00f6va fiskelyckan, kan fiskekort k\u00f6pas p\u00e5 Shell i Sk\u00e4rblacka.<\/span><\/p>\n<h2><span><\/span><\/h2>\n<p>&nbsp;<\/p>\n<p><span>\u00a0<\/span><\/p>\n<p>&nbsp;<\/p>\n<p><span>\u00a0<\/span><\/p>\n<p>[\/et_pb_text][\/et_pb_column][et_pb_column type=&#8221;1_2&#8243; _builder_version=&#8221;4.16&#8243; custom_padding=&#8221;|||&#8221; global_colors_info=&#8221;{}&#8221; custom_padding__hover=&#8221;|||&#8221;][et_pb_text _builder_version=&#8221;4.17.3&#8243; _module_preset=&#8221;default&#8221; global_colors_info=&#8221;{}&#8221;]<\/p>\n<p><strong>Klicka p\u00e5 menyvalen f\u00f6r att l\u00e4sa mer<\/strong><\/p>\n<blockquote>\n<p><a href=\"https:\/\/vangabygden.se\/?page_id=326\">V\u00e5ngas historia<\/a><\/p>\n<p><a href=\"https:\/\/vangabygden.se\/?page_id=321\">V\u00e5ngas natur<\/a><\/p>\n<p><a href=\"https:\/\/vangabygden.se\/?page_id=324\">Vandringsleder<\/a><\/p>\n<p><a href=\"https:\/\/vangabygden.se\/?page_id=296\">Upplev V\u00e5nga<\/a><\/p>\n<\/blockquote>\n<p>[\/et_pb_text][et_pb_image src=&#8221;https:\/\/vangabygden.se\/wp-content\/uploads\/2019\/10\/V\u00e4stra-sidan-2.JPG-for-web-large.jpg&#8221; align_tablet=&#8221;center&#8221; align_phone=&#8221;center&#8221; align_last_edited=&#8221;on|desktop&#8221; _builder_version=&#8221;4.16&#8243; global_colors_info=&#8221;{}&#8221;][\/et_pb_image][et_pb_image src=&#8221;https:\/\/vangabygden.se\/wp-content\/uploads\/2021\/11\/PB101402-1-scaled.jpg&#8221; align_tablet=&#8221;center&#8221; align_phone=&#8221;center&#8221; align_last_edited=&#8221;on|desktop&#8221; _builder_version=&#8221;4.16&#8243; global_colors_info=&#8221;{}&#8221;][\/et_pb_image][et_pb_image src=&#8221;https:\/\/vangabygden.se\/wp-content\/uploads\/2021\/11\/PB041241-scaled.jpg&#8221; align_tablet=&#8221;center&#8221; align_phone=&#8221;center&#8221; align_last_edited=&#8221;on|desktop&#8221; _builder_version=&#8221;4.16&#8243; global_colors_info=&#8221;{}&#8221;][\/et_pb_image][\/et_pb_column][\/et_pb_row][\/et_pb_section]<\/p>\n","protected":false},"excerpt":{"rendered":"<p>Natur V\u00e5nga \u00e4r en mycket vacker bygd med omv\u00e4xlande natur som pr\u00e4glas av jordbrukslandskapet i f\u00f6rkastningen, de kalkhaltiga markerna kring Veteklint, str\u00e4nderna l\u00e4ngs Roxen och Glan samt skogsmarkerna i v\u00e4ster.\u00a0 V\u00e5ngaf\u00f6rkastningen \u00e4r en geologiskt intressant struktur som best\u00e5r av en kil som str\u00e4cker sig rakt norrut fr\u00e5n Roxen och sedan sydost fr\u00e5n norra delen av [&hellip;]<\/p>\n","protected":false},"author":2,"featured_media":0,"parent":41,"menu_order":0,"comment_status":"closed","ping_status":"closed","template":"","meta":{"_et_pb_use_builder":"on","_et_pb_old_content":"","_et_gb_content_width":"","footnotes":""},"class_list":["post-321","page","type-page","status-publish","hentry"],"post_mailing_queue_ids":[],"_links":{"self":[{"href":"https:\/\/vangabygden.se\/index.php?rest_route=\/wp\/v2\/pages\/321","targetHints":{"allow":["GET"]}}],"collection":[{"href":"https:\/\/vangabygden.se\/index.php?rest_route=\/wp\/v2\/pages"}],"about":[{"href":"https:\/\/vangabygden.se\/index.php?rest_route=\/wp\/v2\/types\/page"}],"author":[{"embeddable":true,"href":"https:\/\/vangabygden.se\/index.php?rest_route=\/wp\/v2\/users\/2"}],"replies":[{"embeddable":true,"href":"https:\/\/vangabygden.se\/index.php?rest_route=%2Fwp%2Fv2%2Fcomments&post=321"}],"version-history":[{"count":15,"href":"https:\/\/vangabygden.se\/index.php?rest_route=\/wp\/v2\/pages\/321\/revisions"}],"predecessor-version":[{"id":3234,"href":"https:\/\/vangabygden.se\/index.php?rest_route=\/wp\/v2\/pages\/321\/revisions\/3234"}],"up":[{"embeddable":true,"href":"https:\/\/vangabygden.se\/index.php?rest_route=\/wp\/v2\/pages\/41"}],"wp:attachment":[{"href":"https:\/\/vangabygden.se\/index.php?rest_route=%2Fwp%2Fv2%2Fmedia&parent=321"}],"curies":[{"name":"wp","href":"https:\/\/api.w.org\/{rel}","templated":true}]}}