{"id":174,"date":"2018-05-21T14:33:37","date_gmt":"2018-05-21T12:33:37","guid":{"rendered":"http:\/\/vangabygden.se\/?page_id=174"},"modified":"2025-04-20T12:38:09","modified_gmt":"2025-04-20T10:38:09","slug":"nya-landsbygdsprogrammet","status":"publish","type":"page","link":"https:\/\/vangabygden.se\/?page_id=174","title":{"rendered":"Nya landsbygdsprogrammet"},"content":{"rendered":"<p>[et_pb_section fb_built=&#8221;1&#8243; admin_label=&#8221;section&#8221; _builder_version=&#8221;4.16&#8243; global_colors_info=&#8221;{}&#8221;][et_pb_row column_structure=&#8221;3_4,1_4&#8243; _builder_version=&#8221;4.16&#8243; global_colors_info=&#8221;{}&#8221;][et_pb_column type=&#8221;3_4&#8243; _builder_version=&#8221;4.16&#8243; custom_padding=&#8221;|||&#8221; global_colors_info=&#8221;{}&#8221; custom_padding__hover=&#8221;|||&#8221;][et_pb_text _builder_version=&#8221;4.16&#8243; global_colors_info=&#8221;{}&#8221;]<\/p>\n<div>\n<h3><span>Ny \u00f6versiktsplan f\u00f6r Norrk\u00f6pings Kommun<\/span><\/h3>\n<\/div>\n<p><span>Norrk\u00f6pings Kommun har arbetat fram ett f\u00f6rslag till en ny \u00f6versiktsplan. Den \u00e4r gemensam f\u00f6r hela kommunen och ska ers\u00e4tta de befintliga \u00f6versiktsplanerna f\u00f6r staden och landsbygden fr\u00e5n 2017. I den f\u00f6reslagna \u00f6versiktsplanen tas h\u00e4nsyn till nya lagkrav, som klimatrelaterade risker och barnkonventionen.<\/span><\/p>\n<p><span>Allm\u00e4nheten ta del av granskningshandlingen. Under granskningsperioden, som p\u00e5g\u00e5r mellan 6 februari och den 25 april, finns det m\u00f6jlighet att l\u00e4mna skriftliga synpunkter p\u00e5 planf\u00f6rslaget. Yttrandet ska ha inkommit senast den 25 april 2025.<\/span><\/p>\n<p class=\"normal\"><a href=\"https:\/\/norrkoping.se\/boende-trafik-och-miljo\/planer-och-byggprojekt\/oversiktsplanering\">H\u00e4r kan du ta del av granskningshandlingen med bilagor<\/a><br \/>Handlingarna finns ocks\u00e5 tillg\u00e4ngliga i tryckt format p\u00e5 F\u00f6rvaltningshuset Rosen att bl\u00e4ddra i.<br \/><strong><br \/>Synpunkter skickas till: <\/strong><a href=\"mailto:oversiktsplanering@norrkoping.se\" style=\"font-size: 14px;\">oversiktsplanering@norrkoping.se<\/a><\/p>\n<p><span><\/span><\/p>\n<p><span>Efter granskningen antas den slutgiltiga planhandlingen av kommunfullm\u00e4ktige.<\/span><\/p>\n<blockquote><\/blockquote>\n<blockquote><\/blockquote>\n<p><span><\/span><\/p>\n<p>&nbsp;<\/p>\n<p>[\/et_pb_text][\/et_pb_column][et_pb_column type=&#8221;1_4&#8243; _builder_version=&#8221;4.16&#8243; custom_padding=&#8221;|||&#8221; global_colors_info=&#8221;{}&#8221; custom_padding__hover=&#8221;|||&#8221;][et_pb_sidebar area=&#8221;et_pb_widget_area_1&#8243; _builder_version=&#8221;4.17.3&#8243; global_colors_info=&#8221;{}&#8221;][\/et_pb_sidebar][\/et_pb_column][\/et_pb_row][\/et_pb_section]<\/p>\n","protected":false},"excerpt":{"rendered":"<p>Ny \u00f6versiktsplan f\u00f6r Norrk\u00f6pings Kommun Norrk\u00f6pings Kommun har arbetat fram ett f\u00f6rslag till en ny \u00f6versiktsplan. Den \u00e4r gemensam f\u00f6r hela kommunen och ska ers\u00e4tta de befintliga \u00f6versiktsplanerna f\u00f6r staden och landsbygden fr\u00e5n 2017. I den f\u00f6reslagna \u00f6versiktsplanen tas h\u00e4nsyn till nya lagkrav, som klimatrelaterade risker och barnkonventionen. Allm\u00e4nheten ta del av granskningshandlingen. Under granskningsperioden, [&hellip;]<\/p>\n","protected":false},"author":2,"featured_media":0,"parent":83,"menu_order":0,"comment_status":"closed","ping_status":"closed","template":"","meta":{"_et_pb_use_builder":"on","_et_pb_old_content":"","_et_gb_content_width":"","footnotes":""},"class_list":["post-174","page","type-page","status-publish","hentry"],"post_mailing_queue_ids":[],"_links":{"self":[{"href":"https:\/\/vangabygden.se\/index.php?rest_route=\/wp\/v2\/pages\/174","targetHints":{"allow":["GET"]}}],"collection":[{"href":"https:\/\/vangabygden.se\/index.php?rest_route=\/wp\/v2\/pages"}],"about":[{"href":"https:\/\/vangabygden.se\/index.php?rest_route=\/wp\/v2\/types\/page"}],"author":[{"embeddable":true,"href":"https:\/\/vangabygden.se\/index.php?rest_route=\/wp\/v2\/users\/2"}],"replies":[{"embeddable":true,"href":"https:\/\/vangabygden.se\/index.php?rest_route=%2Fwp%2Fv2%2Fcomments&post=174"}],"version-history":[{"count":9,"href":"https:\/\/vangabygden.se\/index.php?rest_route=\/wp\/v2\/pages\/174\/revisions"}],"predecessor-version":[{"id":3127,"href":"https:\/\/vangabygden.se\/index.php?rest_route=\/wp\/v2\/pages\/174\/revisions\/3127"}],"up":[{"embeddable":true,"href":"https:\/\/vangabygden.se\/index.php?rest_route=\/wp\/v2\/pages\/83"}],"wp:attachment":[{"href":"https:\/\/vangabygden.se\/index.php?rest_route=%2Fwp%2Fv2%2Fmedia&parent=174"}],"curies":[{"name":"wp","href":"https:\/\/api.w.org\/{rel}","templated":true}]}}